{"id":3,"date":"2025-01-24T19:01:01","date_gmt":"2025-01-24T19:01:01","guid":{"rendered":"https:\/\/hardendurotours.ro\/?page_id=3"},"modified":"2025-02-06T21:30:39","modified_gmt":"2025-02-06T21:30:39","slug":"privacy-policy","status":"publish","type":"page","link":"https:\/\/hardendurotours.ro\/pl\/privacy-policy\/","title":{"rendered":"Polityka prywatno\u015bci"},"content":{"rendered":"<div data-elementor-type=\"wp-page\" data-elementor-id=\"3\" class=\"elementor elementor-3\" data-elementor-post-type=\"page\">\n\t\t\t\t<div class=\"elementor-element elementor-element-a321962 e-flex e-con-boxed e-con e-parent\" data-id=\"a321962\" data-element_type=\"container\" data-e-type=\"container\">\n\t\t\t\t\t<div class=\"e-con-inner\">\n\t\t\t\t<div class=\"elementor-element elementor-element-83899ab elementor-widget elementor-widget-heading\" data-id=\"83899ab\" data-element_type=\"widget\" data-e-type=\"widget\" data-widget_type=\"heading.default\">\n\t\t\t\t<div class=\"elementor-widget-container\">\n\t\t\t\t\t<h1 class=\"elementor-heading-title elementor-size-default\">Polityka prywatno\u015bci<\/h1>\t\t\t\t<\/div>\n\t\t\t\t<\/div>\n\t\t\t\t<div class=\"elementor-element elementor-element-14825db elementor-widget elementor-widget-text-editor\" data-id=\"14825db\" data-element_type=\"widget\" data-e-type=\"widget\" data-widget_type=\"text-editor.default\">\n\t\t\t\t<div class=\"elementor-widget-container\">\n\t\t\t\t\t\t\t\t\t<p><strong>Data wej\u015bcia w \u017cycie:<\/strong> 02.2025<\/p>\n<p><strong>1. Wprowadzenie<\/strong><br \/>W dniu <strong>Enduro Legends<\/strong>, Cenimy Twoj\u0105 prywatno\u015b\u0107 i zobowi\u0105zujemy si\u0119 do ochrony Twoich danych osobowych. Niniejsza Polityka prywatno\u015bci wyja\u015bnia, w jaki spos\u00f3b gromadzimy, wykorzystujemy i zabezpieczamy Twoje informacje podczas korzystania z naszej strony internetowej i us\u0142ug.<\/p>\n<p><strong>2. Dane, kt\u00f3re gromadzimy<\/strong><br \/>Kiedy wchodzisz w interakcj\u0119 z nasz\u0105 stron\u0105 internetow\u0105 lub rezerwujesz wycieczk\u0119, mo\u017cemy gromadzi\u0107 nast\u0119puj\u0105ce dane osobowe:<\/p>\n<ul>\n<li><strong>Imi\u0119 i nazwisko<\/strong><\/li>\n<li><strong>Adres e-mail<\/strong><\/li>\n<li><strong>Numer telefonu<\/strong><\/li>\n<li><strong>Kraj pochodzenia<\/strong><\/li>\n<li><strong>Wszelkie inne dane podane w procesie rezerwacji<\/strong><\/li>\n<\/ul>\n<p>Dodatkowo wykorzystujemy <strong>narz\u0119dzia analityczne<\/strong> zbieranie informacji nieosobowych, takich jak adresy IP, typ urz\u0105dzenia i zachowanie podczas przegl\u0105dania.<\/p>\n<p><strong>3. Jak wykorzystujemy Twoje dane<\/strong><br \/>Przetwarzamy Twoje dane w nast\u0119puj\u0105cych celach:<\/p>\n<ul>\n<li>Aby zarz\u0105dza\u0107 i potwierdza\u0107 rezerwacje wycieczek<\/li>\n<li>Aby komunikowa\u0107 si\u0119 z Tob\u0105 w sprawie zapyta\u0144 i rezerwacji<\/li>\n<li>Aby ulepszy\u0107 nasz\u0105 stron\u0119 internetow\u0105 i us\u0142ugi poprzez analityk\u0119<\/li>\n<li>Przestrzeganie zobowi\u0105za\u0144 prawnych<\/li>\n<\/ul>\n<p>Nie sprzedajemy ani nie udost\u0119pniamy Twoich danych osobowych osobom trzecim, chyba \u017ce jest to wymagane przez prawo.<\/p>\n<p><strong>4. Bezpiecze\u0144stwo danych<\/strong><br \/>Wdra\u017camy rygorystyczne \u015brodki bezpiecze\u0144stwa w celu ochrony danych osobowych przed nieautoryzowanym dost\u0119pem, zmian\u0105 lub utrat\u0105.<\/p>\n<p><strong>5. Twoje prawa<\/strong><br \/>Pod <strong>Og\u00f3lne rozporz\u0105dzenie o ochronie danych (RODO)<\/strong>, masz prawo do:<br \/>\u2714 Dost\u0119p, poprawianie lub usuwanie danych osobowych<br \/>Wycofaj swoj\u0105 zgod\u0119 na przetwarzanie danych w dowolnym momencie<br \/>Popro\u015b o kopi\u0119 danych, kt\u00f3re posiadamy na Tw\u00f3j temat<br \/>\u2714 Object do niekt\u00f3rych rodzaj\u00f3w przetwarzania, takich jak marketing<\/p>\n<p>Aby skorzysta\u0107 ze swoich praw, prosz\u0119 <a href=\"https:\/\/hardendurotours.ro\/pl\/contact\/\">skontaktuj si\u0119 z nami<\/a>.<\/p>\n<p><strong>6. Zatrzymywanie danych<\/strong><br \/>Przechowujemy Twoje dane osobowe tylko tak d\u0142ugo, jak jest to konieczne do cel\u00f3w okre\u015blonych w niniejszej polityce lub zgodnie z wymogami prawa.<\/p>\n<p><strong>7. Zmiany w niniejszej Polityce<\/strong><br \/>Od czasu do czasu mo\u017cemy aktualizowa\u0107 niniejsz\u0105 Polityk\u0119 prywatno\u015bci. Wszelkie zmiany zostan\u0105 opublikowane na tej stronie, a istotne aktualizacje zostan\u0105 przekazane bezpo\u015brednio.<\/p>\t\t\t\t\t\t\t\t<\/div>\n\t\t\t\t<\/div>\n\t\t\t\t\t<\/div>\n\t\t\t\t<\/div>\n\t\t\t\t<\/div>","protected":false},"excerpt":{"rendered":"<p>Data wej\u015bcia w \u017cycie polityki prywatno\u015bci: 02.2025 1. W Enduro Legends cenimy Twoj\u0105 prywatno\u015b\u0107 i zobowi\u0105zujemy si\u0119 do ochrony Twoich danych osobowych. Niniejsza Polityka prywatno\u015bci wyja\u015bnia, w jaki spos\u00f3b gromadzimy, wykorzystujemy i zabezpieczamy Twoje informacje podczas korzystania z naszej strony internetowej i us\u0142ug. 2. Dane, kt\u00f3re gromadzimy Kiedy wchodzisz w interakcj\u0119 z nasz\u0105 stron\u0105 internetow\u0105 lub rezerwujesz wycieczk\u0119, mo\u017cemy [...]<\/p>","protected":false},"author":1,"featured_media":0,"parent":0,"menu_order":0,"comment_status":"closed","ping_status":"open","template":"","meta":{"_joinchat":[],"footnotes":""},"class_list":["post-3","page","type-page","status-publish","hentry"],"_links":{"self":[{"href":"https:\/\/hardendurotours.ro\/pl\/wp-json\/wp\/v2\/pages\/3","targetHints":{"allow":["GET"]}}],"collection":[{"href":"https:\/\/hardendurotours.ro\/pl\/wp-json\/wp\/v2\/pages"}],"about":[{"href":"https:\/\/hardendurotours.ro\/pl\/wp-json\/wp\/v2\/types\/page"}],"author":[{"embeddable":true,"href":"https:\/\/hardendurotours.ro\/pl\/wp-json\/wp\/v2\/users\/1"}],"replies":[{"embeddable":true,"href":"https:\/\/hardendurotours.ro\/pl\/wp-json\/wp\/v2\/comments?post=3"}],"version-history":[{"count":0,"href":"https:\/\/hardendurotours.ro\/pl\/wp-json\/wp\/v2\/pages\/3\/revisions"}],"wp:attachment":[{"href":"https:\/\/hardendurotours.ro\/pl\/wp-json\/wp\/v2\/media?parent=3"}],"curies":[{"name":"wp","href":"https:\/\/api.w.org\/{rel}","templated":true}]}}