{"id":151,"date":"2025-02-03T21:20:43","date_gmt":"2025-02-03T21:20:43","guid":{"rendered":"https:\/\/hardendurotours.ro\/?page_id=151"},"modified":"2025-02-06T21:32:54","modified_gmt":"2025-02-06T21:32:54","slug":"cookies","status":"publish","type":"page","link":"https:\/\/hardendurotours.ro\/pl\/cookies\/","title":{"rendered":"Pliki cookie"},"content":{"rendered":"<div data-elementor-type=\"wp-page\" data-elementor-id=\"151\" class=\"elementor elementor-151\" data-elementor-post-type=\"page\">\n\t\t\t\t<div class=\"elementor-element elementor-element-df2c206 e-flex e-con-boxed e-con e-parent\" data-id=\"df2c206\" data-element_type=\"container\" data-e-type=\"container\">\n\t\t\t\t\t<div class=\"e-con-inner\">\n\t\t\t\t<div class=\"elementor-element elementor-element-d337bf4 elementor-widget elementor-widget-heading\" data-id=\"d337bf4\" data-element_type=\"widget\" data-e-type=\"widget\" data-widget_type=\"heading.default\">\n\t\t\t\t<div class=\"elementor-widget-container\">\n\t\t\t\t\t<h1 class=\"elementor-heading-title elementor-size-default\">Polityka plik\u00f3w cookie\n<\/h1>\t\t\t\t<\/div>\n\t\t\t\t<\/div>\n\t\t\t\t<div class=\"elementor-element elementor-element-0697f41 elementor-widget elementor-widget-text-editor\" data-id=\"0697f41\" data-element_type=\"widget\" data-e-type=\"widget\" data-widget_type=\"text-editor.default\">\n\t\t\t\t<div class=\"elementor-widget-container\">\n\t\t\t\t\t\t\t\t\t<p><strong>1. Czym s\u0105 pliki cookie?<\/strong><br \/>Pliki cookie to ma\u0142e pliki tekstowe przechowywane na Twoim urz\u0105dzeniu podczas odwiedzania strony internetowej. Pomagaj\u0105 poprawi\u0107 jako\u015b\u0107 przegl\u0105dania, zapami\u0119tuj\u0105c preferencje i \u015bledz\u0105c korzystanie z witryny.<\/p><p><strong>2. Jak wykorzystujemy pliki cookie<\/strong><br \/>U\u017cywamy plik\u00f3w cookie do:<\/p><ul><li><strong>Podstawowe funkcje:<\/strong> Umo\u017cliwienie podstawowej funkcjonalno\u015bci strony internetowej<\/li><li><strong>Analityka:<\/strong> \u015aledzenie zachowa\u0144 odwiedzaj\u0105cych w celu poprawy naszych us\u0142ug<\/li><li><strong>Optymalizacja wydajno\u015bci:<\/strong> Zwi\u0119kszenie szybko\u015bci i responsywno\u015bci strony internetowej<\/li><\/ul><div>\u00a0<\/div><p><strong>3. Rodzaje plik\u00f3w cookie, kt\u00f3rych u\u017cywamy<\/strong><\/p><ul><li><strong>Niezb\u0119dne pliki cookie:<\/strong> Wymagane do podstawowej funkcjonalno\u015bci strony internetowej<\/li><li><strong>Analityczne pliki cookie:<\/strong> Pom\u00f3\u017c nam analizowa\u0107 zachowania u\u017cytkownik\u00f3w i poprawia\u0107 wydajno\u015b\u0107 witryny<\/li><li><strong>Preferencyjne pliki cookie:<\/strong> Zapami\u0119taj ustawienia i preferencje u\u017cytkownika<\/li><\/ul><div>\u00a0<\/div><p><strong>4. Zarz\u0105dzanie plikami cookie<\/strong><br \/>Mo\u017cesz kontrolowa\u0107 i wy\u0142\u0105cza\u0107 pliki cookie za pomoc\u0105 ustawie\u0144 przegl\u0105darki. Ograniczenie plik\u00f3w cookie mo\u017ce jednak wp\u0142yn\u0105\u0107 na Twoje wra\u017cenia z korzystania z naszej strony internetowej.<\/p><p><strong>5. Pliki cookie stron trzecich<\/strong><br \/>Mo\u017cemy korzysta\u0107 z us\u0142ug stron trzecich (takich jak Google Analytics), kt\u00f3re ustawiaj\u0105 pliki cookie na naszej stronie internetowej w celu analizy zachowa\u0144 u\u017cytkownik\u00f3w. Us\u0142ugi te dzia\u0142aj\u0105 zgodnie z ich w\u0142asn\u0105 polityk\u0105 prywatno\u015bci.<\/p><p><strong>6. Aktualizacje niniejszej Polityki<\/strong><br \/>Mo\u017cemy okresowo aktualizowa\u0107 niniejsz\u0105 Polityk\u0119 dotycz\u0105c\u0105 plik\u00f3w cookie. Sprawd\u017a t\u0119 stron\u0119, aby zapozna\u0107 si\u0119 z najnowsz\u0105 wersj\u0105.<\/p>\t\t\t\t\t\t\t\t<\/div>\n\t\t\t\t<\/div>\n\t\t\t\t<div class=\"elementor-element elementor-element-3177a6c elementor-widget elementor-widget-html\" data-id=\"3177a6c\" data-element_type=\"widget\" data-e-type=\"widget\" data-widget_type=\"html.default\">\n\t\t\t\t<div class=\"elementor-widget-container\">\n\t\t\t\t\t<div class= \"cky-audit-table-element\"><\/div>\t\t\t\t<\/div>\n\t\t\t\t<\/div>\n\t\t\t\t\t<\/div>\n\t\t\t\t<\/div>\n\t\t\t\t<\/div>","protected":false},"excerpt":{"rendered":"<p>Polityka plik\u00f3w cookie 1. Co to s\u0105 pliki cookie?Cookies to ma\u0142e pliki tekstowe przechowywane na Twoim urz\u0105dzeniu podczas odwiedzania strony internetowej. Pomagaj\u0105 poprawi\u0107 jako\u015b\u0107 przegl\u0105dania, zapami\u0119tuj\u0105c preferencje i \u015bledz\u0105c korzystanie z witryny. 2. W jaki spos\u00f3b wykorzystujemy pliki cookieWykorzystujemy pliki cookie do: Podstawowe funkcje: W\u0142\u0105czenie podstawowej funkcjonalno\u015bci strony internetowej Analytics: \u015aledzenie zachowa\u0144 odwiedzaj\u0105cych w celu poprawy naszych us\u0142ug Wydajno\u015b\u0107 [...]<\/p>","protected":false},"author":1,"featured_media":0,"parent":0,"menu_order":0,"comment_status":"closed","ping_status":"closed","template":"","meta":{"_joinchat":[],"footnotes":""},"class_list":["post-151","page","type-page","status-publish","hentry"],"_links":{"self":[{"href":"https:\/\/hardendurotours.ro\/pl\/wp-json\/wp\/v2\/pages\/151","targetHints":{"allow":["GET"]}}],"collection":[{"href":"https:\/\/hardendurotours.ro\/pl\/wp-json\/wp\/v2\/pages"}],"about":[{"href":"https:\/\/hardendurotours.ro\/pl\/wp-json\/wp\/v2\/types\/page"}],"author":[{"embeddable":true,"href":"https:\/\/hardendurotours.ro\/pl\/wp-json\/wp\/v2\/users\/1"}],"replies":[{"embeddable":true,"href":"https:\/\/hardendurotours.ro\/pl\/wp-json\/wp\/v2\/comments?post=151"}],"version-history":[{"count":0,"href":"https:\/\/hardendurotours.ro\/pl\/wp-json\/wp\/v2\/pages\/151\/revisions"}],"wp:attachment":[{"href":"https:\/\/hardendurotours.ro\/pl\/wp-json\/wp\/v2\/media?parent=151"}],"curies":[{"name":"wp","href":"https:\/\/api.w.org\/{rel}","templated":true}]}}