{"id":3,"date":"2025-01-24T19:01:01","date_gmt":"2025-01-24T19:01:01","guid":{"rendered":"https:\/\/hardendurotours.ro\/?page_id=3"},"modified":"2025-02-06T21:30:39","modified_gmt":"2025-02-06T21:30:39","slug":"privacy-policy","status":"publish","type":"page","link":"https:\/\/hardendurotours.ro\/de\/privacy-policy\/","title":{"rendered":"Datenschutzerkl\u00e4rung"},"content":{"rendered":"<div data-elementor-type=\"wp-page\" data-elementor-id=\"3\" class=\"elementor elementor-3\" data-elementor-post-type=\"page\">\n\t\t\t\t<div class=\"elementor-element elementor-element-a321962 e-flex e-con-boxed e-con e-parent\" data-id=\"a321962\" data-element_type=\"container\" data-e-type=\"container\">\n\t\t\t\t\t<div class=\"e-con-inner\">\n\t\t\t\t<div class=\"elementor-element elementor-element-83899ab elementor-widget elementor-widget-heading\" data-id=\"83899ab\" data-element_type=\"widget\" data-e-type=\"widget\" data-widget_type=\"heading.default\">\n\t\t\t\t<div class=\"elementor-widget-container\">\n\t\t\t\t\t<h1 class=\"elementor-heading-title elementor-size-default\">Datenschutzerkl\u00e4rung<\/h1>\t\t\t\t<\/div>\n\t\t\t\t<\/div>\n\t\t\t\t<div class=\"elementor-element elementor-element-14825db elementor-widget elementor-widget-text-editor\" data-id=\"14825db\" data-element_type=\"widget\" data-e-type=\"widget\" data-widget_type=\"text-editor.default\">\n\t\t\t\t<div class=\"elementor-widget-container\">\n\t\t\t\t\t\t\t\t\t<p><strong>Datum des Inkrafttretens:<\/strong> 02.2025<\/p>\n<p><strong>1. Einleitung<\/strong><br \/>Bei <strong>Enduro Legends<\/strong>, Wir sch\u00e4tzen Ihre Privatsph\u00e4re und verpflichten uns, Ihre personenbezogenen Daten zu sch\u00fctzen. Diese Datenschutzrichtlinie erl\u00e4utert, wie wir Ihre Daten erfassen, verwenden und sch\u00fctzen, wenn Sie unsere Website und Dienste nutzen.<\/p>\n<p><strong>2. Daten, die wir sammeln<\/strong><br \/>Wenn Sie mit unserer Website interagieren oder eine Tour buchen, k\u00f6nnen wir die folgenden personenbezogenen Daten erfassen:<\/p>\n<ul>\n<li><strong>Name<\/strong><\/li>\n<li><strong>E-Mail-Adresse<\/strong><\/li>\n<li><strong>Telefonnummer<\/strong><\/li>\n<li><strong>Herkunftsland<\/strong><\/li>\n<li><strong>Alle anderen Details, die Sie im Buchungsprozess angeben<\/strong><\/li>\n<\/ul>\n<p>Zus\u00e4tzlich nutzen wir <strong>Analysetools<\/strong> um nicht pers\u00f6nlich identifizierbare Informationen wie IP-Adressen, Ger\u00e4tetyp und Surfverhalten zu sammeln.<\/p>\n<p><strong>3. Wie wir Ihre Daten verwenden<\/strong><br \/>Wir verarbeiten Ihre Daten zu folgenden Zwecken:<\/p>\n<ul>\n<li>Um Tourenbuchungen zu verwalten und zu best\u00e4tigen<\/li>\n<li>Um mit Ihnen \u00fcber Ihre Anfragen und Reservierungen zu kommunizieren<\/li>\n<li>Um unsere Website und Dienstleistungen durch Analysen zu verbessern<\/li>\n<li>Zur Erf\u00fcllung gesetzlicher Verpflichtungen<\/li>\n<\/ul>\n<p>Wir verkaufen oder teilen Ihre personenbezogenen Daten nicht mit Dritten, es sei denn, dies ist gesetzlich vorgeschrieben.<\/p>\n<p><strong>4. Datensicherheit<\/strong><br \/>Wir setzen strenge Sicherheitsma\u00dfnahmen ein, um Ihre personenbezogenen Daten vor unbefugtem Zugriff, \u00c4nderung oder Verlust zu sch\u00fctzen.<\/p>\n<p><strong>5. Ihre Rechte<\/strong><br \/>Unter der <strong>Datenschutz-Grundverordnung (DSGVO)<\/strong>, Sie haben das Recht,<br \/>\u2714 \u2047  Zugriff, Korrektur oder L\u00f6schung Ihrer personenbezogenen Daten<br \/>\u2714 \u2047  Ihre Einwilligung zur Datenverarbeitung jederzeit widerrufen<br \/>\u2714 \u2047  Fordern Sie eine Kopie der Daten an, die wir \u00fcber Sie gespeichert haben<br \/>\u2714 \u2047  Widerspruch gegen bestimmte Arten der Verarbeitung, wie z.B. Marketing<\/p>\n<p>Um Ihre Rechte auszu\u00fcben, bitte <a href=\"https:\/\/hardendurotours.ro\/de\/contact\/\">Kontaktieren Sie uns<\/a>.<\/p>\n<p><strong>6. Vorratsdatenspeicherung<\/strong><br \/>Wir speichern Ihre personenbezogenen Daten nur so lange, wie dies f\u00fcr die in dieser Richtlinie genannten Zwecke erforderlich ist oder gesetzlich vorgeschrieben ist.<\/p>\n<p><strong>7. \u00c4nderungen an dieser Richtlinie<\/strong><br \/>Wir k\u00f6nnen diese Datenschutzerkl\u00e4rung von Zeit zu Zeit aktualisieren. Alle \u00c4nderungen werden auf dieser Seite ver\u00f6ffentlicht und wichtige Updates werden Ihnen direkt mitgeteilt.<\/p>\t\t\t\t\t\t\t\t<\/div>\n\t\t\t\t<\/div>\n\t\t\t\t\t<\/div>\n\t\t\t\t<\/div>\n\t\t\t\t<\/div>","protected":false},"excerpt":{"rendered":"<p>Datum des Inkrafttretens der Datenschutzerkl\u00e4rung: 02.2025 1. EinleitungBei Enduro Legends legen wir Wert auf Ihre Privatsph\u00e4re und verpflichten uns, Ihre personenbezogenen Daten zu sch\u00fctzen. Diese Datenschutzrichtlinie erl\u00e4utert, wie wir Ihre Daten erfassen, verwenden und sch\u00fctzen, wenn Sie unsere Website und Dienste nutzen. 2. Daten, die wir sammelnWenn Sie mit unserer Website interagieren oder eine Tour buchen, k\u00f6nnen wir [...]<\/p>","protected":false},"author":1,"featured_media":0,"parent":0,"menu_order":0,"comment_status":"closed","ping_status":"open","template":"","meta":{"_joinchat":[],"footnotes":""},"class_list":["post-3","page","type-page","status-publish","hentry"],"_links":{"self":[{"href":"https:\/\/hardendurotours.ro\/de\/wp-json\/wp\/v2\/pages\/3","targetHints":{"allow":["GET"]}}],"collection":[{"href":"https:\/\/hardendurotours.ro\/de\/wp-json\/wp\/v2\/pages"}],"about":[{"href":"https:\/\/hardendurotours.ro\/de\/wp-json\/wp\/v2\/types\/page"}],"author":[{"embeddable":true,"href":"https:\/\/hardendurotours.ro\/de\/wp-json\/wp\/v2\/users\/1"}],"replies":[{"embeddable":true,"href":"https:\/\/hardendurotours.ro\/de\/wp-json\/wp\/v2\/comments?post=3"}],"version-history":[{"count":0,"href":"https:\/\/hardendurotours.ro\/de\/wp-json\/wp\/v2\/pages\/3\/revisions"}],"wp:attachment":[{"href":"https:\/\/hardendurotours.ro\/de\/wp-json\/wp\/v2\/media?parent=3"}],"curies":[{"name":"wp","href":"https:\/\/api.w.org\/{rel}","templated":true}]}}