{"id":151,"date":"2025-02-03T21:20:43","date_gmt":"2025-02-03T21:20:43","guid":{"rendered":"https:\/\/hardendurotours.ro\/?page_id=151"},"modified":"2025-02-06T21:32:54","modified_gmt":"2025-02-06T21:32:54","slug":"cookies","status":"publish","type":"page","link":"https:\/\/hardendurotours.ro\/de\/cookies\/","title":{"rendered":"Cookies"},"content":{"rendered":"<div data-elementor-type=\"wp-page\" data-elementor-id=\"151\" class=\"elementor elementor-151\" data-elementor-post-type=\"page\">\n\t\t\t\t<div class=\"elementor-element elementor-element-df2c206 e-flex e-con-boxed e-con e-parent\" data-id=\"df2c206\" data-element_type=\"container\" data-e-type=\"container\">\n\t\t\t\t\t<div class=\"e-con-inner\">\n\t\t\t\t<div class=\"elementor-element elementor-element-d337bf4 elementor-widget elementor-widget-heading\" data-id=\"d337bf4\" data-element_type=\"widget\" data-e-type=\"widget\" data-widget_type=\"heading.default\">\n\t\t\t\t<div class=\"elementor-widget-container\">\n\t\t\t\t\t<h1 class=\"elementor-heading-title elementor-size-default\">Cookie-Richtlinie\n<\/h1>\t\t\t\t<\/div>\n\t\t\t\t<\/div>\n\t\t\t\t<div class=\"elementor-element elementor-element-0697f41 elementor-widget elementor-widget-text-editor\" data-id=\"0697f41\" data-element_type=\"widget\" data-e-type=\"widget\" data-widget_type=\"text-editor.default\">\n\t\t\t\t<div class=\"elementor-widget-container\">\n\t\t\t\t\t\t\t\t\t<p><strong>1. Was sind Cookies?<\/strong><br \/>Cookies sind kleine Textdateien, die auf Ihrem Ger\u00e4t gespeichert werden, wenn Sie eine Website besuchen. Sie helfen, Ihr Surferlebnis zu verbessern, indem sie sich Pr\u00e4ferenzen merken und die Nutzung der Website verfolgen.<\/p><p><strong>2. Wie wir Cookies verwenden<\/strong><br \/>Wir verwenden Cookies f\u00fcr:<\/p><ul><li><strong>Wesentliche Funktionen:<\/strong> Aktivieren der Kernfunktionalit\u00e4t der Website<\/li><li><strong>Analytik:<\/strong> Tracking des Besucherverhaltens zur Verbesserung unserer Dienstleistungen<\/li><li><strong>Leistungsoptimierung:<\/strong> Verbesserung der Website-Geschwindigkeit und Reaktionsf\u00e4higkeit<\/li><\/ul><div>\u00a0<\/div><p><strong>3. Arten von Cookies, die wir verwenden<\/strong><\/p><ul><li><strong>Notwendige Cookies:<\/strong> Erforderlich f\u00fcr grundlegende Website-Funktionalit\u00e4t<\/li><li><strong>Analyse-Cookies:<\/strong> Helfen Sie uns, das Benutzerverhalten zu analysieren und die Leistung der Website zu verbessern<\/li><li><strong>Bevorzugte Cookies:<\/strong> Benutzereinstellungen und -pr\u00e4ferenzen speichern<\/li><\/ul><div>\u00a0<\/div><p><strong>4. Verwalten von Cookies<\/strong><br \/>Sie k\u00f6nnen Cookies \u00fcber Ihre Browsereinstellungen steuern und deaktivieren. Die Einschr\u00e4nkung von Cookies kann jedoch Ihre Erfahrung auf unserer Website beeintr\u00e4chtigen.<\/p><p><strong>5. Cookies von Drittanbietern<\/strong><br \/>Wir k\u00f6nnen Dienste von Drittanbietern (wie Google Analytics) verwenden, die Cookies auf unserer Website setzen, um das Nutzerverhalten zu analysieren. Diese Dienste unterliegen ihren eigenen Datenschutzrichtlinien.<\/p><p><strong>6. Aktualisierungen dieser Richtlinie<\/strong><br \/>Wir k\u00f6nnen diese Cookie-Richtlinie regelm\u00e4\u00dfig aktualisieren. Bitte \u00fcberpr\u00fcfen Sie diese Seite f\u00fcr die neueste Version.<\/p>\t\t\t\t\t\t\t\t<\/div>\n\t\t\t\t<\/div>\n\t\t\t\t<div class=\"elementor-element elementor-element-3177a6c elementor-widget elementor-widget-html\" data-id=\"3177a6c\" data-element_type=\"widget\" data-e-type=\"widget\" data-widget_type=\"html.default\">\n\t\t\t\t<div class=\"elementor-widget-container\">\n\t\t\t\t\t<div class= \"cky-audit-table-element\"><\/div>\t\t\t\t<\/div>\n\t\t\t\t<\/div>\n\t\t\t\t\t<\/div>\n\t\t\t\t<\/div>\n\t\t\t\t<\/div>","protected":false},"excerpt":{"rendered":"<p>Cookie-Richtlinie 1. Cookies sind kleine Textdateien, die auf Ihrem Ger\u00e4t gespeichert werden, wenn Sie eine Website besuchen. Sie helfen, Ihr Surferlebnis zu verbessern, indem sie sich Pr\u00e4ferenzen merken und die Nutzung der Website verfolgen. 2. Wie wir Cookies verwendenWir verwenden Cookies f\u00fcr: Wesentliche Funktionen: Aktivieren der Kernfunktionalit\u00e4t der Website Analytics: Tracking des Besucherverhaltens zur Verbesserung unserer Dienstleistungen Performance [...]<\/p>","protected":false},"author":1,"featured_media":0,"parent":0,"menu_order":0,"comment_status":"closed","ping_status":"closed","template":"","meta":{"_joinchat":[],"footnotes":""},"class_list":["post-151","page","type-page","status-publish","hentry"],"_links":{"self":[{"href":"https:\/\/hardendurotours.ro\/de\/wp-json\/wp\/v2\/pages\/151","targetHints":{"allow":["GET"]}}],"collection":[{"href":"https:\/\/hardendurotours.ro\/de\/wp-json\/wp\/v2\/pages"}],"about":[{"href":"https:\/\/hardendurotours.ro\/de\/wp-json\/wp\/v2\/types\/page"}],"author":[{"embeddable":true,"href":"https:\/\/hardendurotours.ro\/de\/wp-json\/wp\/v2\/users\/1"}],"replies":[{"embeddable":true,"href":"https:\/\/hardendurotours.ro\/de\/wp-json\/wp\/v2\/comments?post=151"}],"version-history":[{"count":0,"href":"https:\/\/hardendurotours.ro\/de\/wp-json\/wp\/v2\/pages\/151\/revisions"}],"wp:attachment":[{"href":"https:\/\/hardendurotours.ro\/de\/wp-json\/wp\/v2\/media?parent=151"}],"curies":[{"name":"wp","href":"https:\/\/api.w.org\/{rel}","templated":true}]}}